{"id":14,"date":"2020-12-16T16:54:22","date_gmt":"2020-12-16T15:54:22","guid":{"rendered":"http:\/\/www.archebleue.fr\/?page_id=14"},"modified":"2022-08-31T15:36:28","modified_gmt":"2022-08-31T13:36:28","slug":"accueil","status":"publish","type":"page","link":"https:\/\/www.archebleue.fr\/","title":{"rendered":"L&rsquo; Arche Bleue"},"content":{"rendered":"\n<h6 class=\"wp-block-heading\">Bienvenue sur la chatterie de l&rsquo;Arche Bleue, notre \u00e9levage familial de chat de race Chartreux est situ\u00e9 en r\u00e9gion parisienne<strong>.<\/strong><\/h6>\n\n\n\n<h6 class=\"wp-block-heading\">Nous avons commenc\u00e9 notre \u00e9levage avec Reine Margaux de l\u2019Onde Bleue n\u00e9e en 2000 et r\u00e9alis\u00e9 des mariages pour l\u2019am\u00e9lioration de cette race au fil des ann\u00e9es, en tenant compte des lign\u00e9es et du taux de consanguinit\u00e9<strong>.<\/strong><\/h6>\n\n\n\n<h6 class=\"wp-block-heading\">Beaucoup de nos chats sont pr\u00e9sents dans des expositions f\u00e9lines FIF\u00e9 en France et en Europe et ont obtenus beaucoup de titres prestigieux lors de leurs parcours.<\/h6>\n\n\n\n<h6 class=\"wp-block-heading\">Tous nos anciens chats sont rest\u00e9s chez nous, nous ne pla\u00e7ons pas les retrait\u00e9s.<\/h6>\n\n\n\n<figure class=\"wp-block-image size-large\"><img decoding=\"async\" src=\"https:\/\/archeblue.files.wordpress.com\/2020\/11\/guysmo-1-2.jpg?w=1024\" alt=\"\" class=\"wp-image-278\"\/><\/figure>\n\n\n\n<p>Copyright \u00a9 2022 Arche Bleue. Tous droits r\u00e9serv\u00e9s. Webmaster <a href=\"mailto:watrinpat@orange.fr\">watrinpat@orange.fr<\/a><\/p>\n","protected":false},"excerpt":{"rendered":"<p>Bienvenue sur la chatterie de l&rsquo;Arche Bleue, notre \u00e9levage familial de chat de race Chartreux est situ\u00e9 en r\u00e9gion parisienne. Nous avons commenc\u00e9 notre \u00e9levage avec Reine Margaux de l\u2019Onde Bleue n\u00e9e en 2000 et r\u00e9alis\u00e9 des mariages pour l\u2019am\u00e9lioration de cette race au fil des ann\u00e9es, en tenant compte des lign\u00e9es et du taux &hellip; <\/p>\n<p class=\"link-more\"><a href=\"https:\/\/www.archebleue.fr\/\" class=\"more-link\">Continuer la lecture<span class=\"screen-reader-text\"> de &laquo;&nbsp;L&rsquo; Arche Bleue&nbsp;&raquo;<\/span><\/a><\/p>\n","protected":false},"author":1,"featured_media":0,"parent":0,"menu_order":0,"comment_status":"closed","ping_status":"closed","template":"","meta":{"footnotes":""},"_links":{"self":[{"href":"https:\/\/www.archebleue.fr\/index.php?rest_route=\/wp\/v2\/pages\/14"}],"collection":[{"href":"https:\/\/www.archebleue.fr\/index.php?rest_route=\/wp\/v2\/pages"}],"about":[{"href":"https:\/\/www.archebleue.fr\/index.php?rest_route=\/wp\/v2\/types\/page"}],"author":[{"embeddable":true,"href":"https:\/\/www.archebleue.fr\/index.php?rest_route=\/wp\/v2\/users\/1"}],"replies":[{"embeddable":true,"href":"https:\/\/www.archebleue.fr\/index.php?rest_route=%2Fwp%2Fv2%2Fcomments&post=14"}],"version-history":[{"count":11,"href":"https:\/\/www.archebleue.fr\/index.php?rest_route=\/wp\/v2\/pages\/14\/revisions"}],"predecessor-version":[{"id":369,"href":"https:\/\/www.archebleue.fr\/index.php?rest_route=\/wp\/v2\/pages\/14\/revisions\/369"}],"wp:attachment":[{"href":"https:\/\/www.archebleue.fr\/index.php?rest_route=%2Fwp%2Fv2%2Fmedia&parent=14"}],"curies":[{"name":"wp","href":"https:\/\/api.w.org\/{rel}","templated":true}]}}