{"id":182,"date":"2020-12-17T11:47:59","date_gmt":"2020-12-17T10:47:59","guid":{"rendered":"http:\/\/www.archebleue.fr\/?page_id=182"},"modified":"2022-03-14T21:14:08","modified_gmt":"2022-03-14T20:14:08","slug":"olympe","status":"publish","type":"page","link":"https:\/\/www.archebleue.fr\/?page_id=182","title":{"rendered":"Olympe de l&rsquo;Arche Bleue"},"content":{"rendered":"\n<p>Championne Supreme<\/p>\n\n\n\n<p>National Winner 2019<\/p>\n\n\n\n<p> DVM M\u00e9rite Distingu\u00e9 en Vari\u00e9t\u00e9<\/p>\n\n\n\n<figure class=\"wp-block-image size-large\"><img loading=\"lazy\" decoding=\"async\" width=\"768\" height=\"1024\" src=\"https:\/\/www.archebleue.fr\/wp-content\/uploads\/2022\/03\/IMG_4454-768x1024.jpg\" alt=\"\" class=\"wp-image-354\" srcset=\"https:\/\/www.archebleue.fr\/wp-content\/uploads\/2022\/03\/IMG_4454-768x1024.jpg 768w, https:\/\/www.archebleue.fr\/wp-content\/uploads\/2022\/03\/IMG_4454-225x300.jpg 225w, https:\/\/www.archebleue.fr\/wp-content\/uploads\/2022\/03\/IMG_4454-1152x1536.jpg 1152w, https:\/\/www.archebleue.fr\/wp-content\/uploads\/2022\/03\/IMG_4454-rotated.jpg 1512w\" sizes=\"(max-width: 767px) 89vw, (max-width: 1000px) 54vw, (max-width: 1071px) 543px, 580px\" \/><\/figure>\n","protected":false},"excerpt":{"rendered":"<p>Championne Supreme National Winner 2019 DVM M\u00e9rite Distingu\u00e9 en Vari\u00e9t\u00e9<\/p>\n","protected":false},"author":1,"featured_media":0,"parent":0,"menu_order":0,"comment_status":"closed","ping_status":"closed","template":"","meta":{"footnotes":""},"_links":{"self":[{"href":"https:\/\/www.archebleue.fr\/index.php?rest_route=\/wp\/v2\/pages\/182"}],"collection":[{"href":"https:\/\/www.archebleue.fr\/index.php?rest_route=\/wp\/v2\/pages"}],"about":[{"href":"https:\/\/www.archebleue.fr\/index.php?rest_route=\/wp\/v2\/types\/page"}],"author":[{"embeddable":true,"href":"https:\/\/www.archebleue.fr\/index.php?rest_route=\/wp\/v2\/users\/1"}],"replies":[{"embeddable":true,"href":"https:\/\/www.archebleue.fr\/index.php?rest_route=%2Fwp%2Fv2%2Fcomments&post=182"}],"version-history":[{"count":8,"href":"https:\/\/www.archebleue.fr\/index.php?rest_route=\/wp\/v2\/pages\/182\/revisions"}],"predecessor-version":[{"id":355,"href":"https:\/\/www.archebleue.fr\/index.php?rest_route=\/wp\/v2\/pages\/182\/revisions\/355"}],"wp:attachment":[{"href":"https:\/\/www.archebleue.fr\/index.php?rest_route=%2Fwp%2Fv2%2Fmedia&parent=182"}],"curies":[{"name":"wp","href":"https:\/\/api.w.org\/{rel}","templated":true}]}}