{"id":2,"date":"2020-12-16T00:11:14","date_gmt":"2020-12-15T23:11:14","guid":{"rendered":"http:\/\/www.archebleue.fr\/?page_id=2"},"modified":"2023-04-29T12:10:22","modified_gmt":"2023-04-29T10:10:22","slug":"page-d-exemple","status":"publish","type":"page","link":"https:\/\/www.archebleue.fr\/?page_id=2","title":{"rendered":"Chatons"},"content":{"rendered":"\n<p class=\"has-text-align-center\"><strong>Nous produisons tr\u00e8s peu de port\u00e9es. \u200bNos chatons sont visibles \u200bd\u00e8s leurs premiers jours selon&nbsp;des r\u00e8gles&nbsp;sanitaires strictes.<\/strong><\/p>\n\n\n\n<p class=\"has-text-align-center\">Port\u00e9e 2023 U<\/p>\n\n\n\n<figure class=\"wp-block-image size-large\"><img loading=\"lazy\" decoding=\"async\" width=\"1024\" height=\"768\" src=\"https:\/\/www.archebleue.fr\/wp-content\/uploads\/2023\/04\/ux-1024x768.jpg\" alt=\"\" class=\"wp-image-408\" srcset=\"https:\/\/www.archebleue.fr\/wp-content\/uploads\/2023\/04\/ux-1024x768.jpg 1024w, https:\/\/www.archebleue.fr\/wp-content\/uploads\/2023\/04\/ux-300x225.jpg 300w, https:\/\/www.archebleue.fr\/wp-content\/uploads\/2023\/04\/ux-768x576.jpg 768w, https:\/\/www.archebleue.fr\/wp-content\/uploads\/2023\/04\/ux-1536x1152.jpg 1536w, https:\/\/www.archebleue.fr\/wp-content\/uploads\/2023\/04\/ux-2048x1536.jpg 2048w\" sizes=\"(max-width: 767px) 89vw, (max-width: 1000px) 54vw, (max-width: 1071px) 543px, 580px\" \/><\/figure>\n\n\n\n<p class=\"has-text-align-center\">Port\u00e9es 2022 T<\/p>\n\n\n\n<figure class=\"wp-block-image size-large\"><img loading=\"lazy\" decoding=\"async\" width=\"768\" height=\"1024\" src=\"https:\/\/www.archebleue.fr\/wp-content\/uploads\/2023\/02\/IMG_7130-768x1024.jpg\" alt=\"\" class=\"wp-image-393\" srcset=\"https:\/\/www.archebleue.fr\/wp-content\/uploads\/2023\/02\/IMG_7130-768x1024.jpg 768w, https:\/\/www.archebleue.fr\/wp-content\/uploads\/2023\/02\/IMG_7130-225x300.jpg 225w, https:\/\/www.archebleue.fr\/wp-content\/uploads\/2023\/02\/IMG_7130-1152x1536.jpg 1152w, https:\/\/www.archebleue.fr\/wp-content\/uploads\/2023\/02\/IMG_7130.jpg 1512w\" sizes=\"(max-width: 767px) 89vw, (max-width: 1000px) 54vw, (max-width: 1071px) 543px, 580px\" \/><\/figure>\n\n\n\n<figure class=\"wp-block-image size-large\"><img loading=\"lazy\" decoding=\"async\" width=\"1024\" height=\"768\" src=\"https:\/\/www.archebleue.fr\/wp-content\/uploads\/2022\/09\/IMG_6366-1024x768.jpg\" alt=\"\" class=\"wp-image-374\" srcset=\"https:\/\/www.archebleue.fr\/wp-content\/uploads\/2022\/09\/IMG_6366-1024x768.jpg 1024w, https:\/\/www.archebleue.fr\/wp-content\/uploads\/2022\/09\/IMG_6366-300x225.jpg 300w, https:\/\/www.archebleue.fr\/wp-content\/uploads\/2022\/09\/IMG_6366-768x576.jpg 768w, https:\/\/www.archebleue.fr\/wp-content\/uploads\/2022\/09\/IMG_6366-1536x1152.jpg 1536w, https:\/\/www.archebleue.fr\/wp-content\/uploads\/2022\/09\/IMG_6366-rotated.jpg 2016w\" sizes=\"(max-width: 767px) 89vw, (max-width: 1000px) 54vw, (max-width: 1071px) 543px, 580px\" \/><\/figure>\n\n\n\n<p class=\"has-text-align-center\">Port\u00e9e 2021 S<\/p>\n\n\n\n<figure class=\"wp-block-image size-large\"><img loading=\"lazy\" decoding=\"async\" width=\"1024\" height=\"768\" src=\"https:\/\/www.archebleue.fr\/wp-content\/uploads\/2022\/03\/IMG_4562-1024x768.jpg\" alt=\"\" class=\"wp-image-351\" srcset=\"https:\/\/www.archebleue.fr\/wp-content\/uploads\/2022\/03\/IMG_4562-1024x768.jpg 1024w, https:\/\/www.archebleue.fr\/wp-content\/uploads\/2022\/03\/IMG_4562-300x225.jpg 300w, https:\/\/www.archebleue.fr\/wp-content\/uploads\/2022\/03\/IMG_4562-768x576.jpg 768w, https:\/\/www.archebleue.fr\/wp-content\/uploads\/2022\/03\/IMG_4562-1536x1152.jpg 1536w, https:\/\/www.archebleue.fr\/wp-content\/uploads\/2022\/03\/IMG_4562.jpg 2016w\" sizes=\"(max-width: 767px) 89vw, (max-width: 1000px) 54vw, (max-width: 1071px) 543px, 580px\" \/><\/figure>\n\n\n\n<figure class=\"wp-block-image size-large\"><img loading=\"lazy\" decoding=\"async\" width=\"1024\" height=\"768\" src=\"https:\/\/www.archebleue.fr\/wp-content\/uploads\/2021\/12\/IMG_3428-1024x768.jpg\" alt=\"\" class=\"wp-image-346\" srcset=\"https:\/\/www.archebleue.fr\/wp-content\/uploads\/2021\/12\/IMG_3428-1024x768.jpg 1024w, https:\/\/www.archebleue.fr\/wp-content\/uploads\/2021\/12\/IMG_3428-300x225.jpg 300w, https:\/\/www.archebleue.fr\/wp-content\/uploads\/2021\/12\/IMG_3428-768x576.jpg 768w, https:\/\/www.archebleue.fr\/wp-content\/uploads\/2021\/12\/IMG_3428-1536x1152.jpg 1536w, https:\/\/www.archebleue.fr\/wp-content\/uploads\/2021\/12\/IMG_3428.jpg 2016w\" sizes=\"(max-width: 767px) 89vw, (max-width: 1000px) 54vw, (max-width: 1071px) 543px, 580px\" \/><\/figure>\n\n\n\n<figure class=\"wp-block-image size-large is-resized\"><img loading=\"lazy\" decoding=\"async\" src=\"https:\/\/www.archebleue.fr\/wp-content\/uploads\/2021\/08\/D2C091A2-C6B4-4B2C-80FF-12BD22F38283-1-667x1024.jpg\" alt=\"\" class=\"wp-image-340\" width=\"435\" height=\"668\" srcset=\"https:\/\/www.archebleue.fr\/wp-content\/uploads\/2021\/08\/D2C091A2-C6B4-4B2C-80FF-12BD22F38283-1-667x1024.jpg 667w, https:\/\/www.archebleue.fr\/wp-content\/uploads\/2021\/08\/D2C091A2-C6B4-4B2C-80FF-12BD22F38283-1-195x300.jpg 195w, https:\/\/www.archebleue.fr\/wp-content\/uploads\/2021\/08\/D2C091A2-C6B4-4B2C-80FF-12BD22F38283-1-768x1180.jpg 768w, https:\/\/www.archebleue.fr\/wp-content\/uploads\/2021\/08\/D2C091A2-C6B4-4B2C-80FF-12BD22F38283-1.jpg 940w\" sizes=\"(max-width: 435px) 100vw, 435px\" \/><\/figure>\n\n\n\n<p class=\"has-text-align-center\">Port\u00e9es 2020 R<\/p>\n\n\n\n<figure class=\"wp-block-image size-large is-resized\"><img loading=\"lazy\" decoding=\"async\" src=\"https:\/\/www.archebleue.fr\/wp-content\/uploads\/2021\/02\/IMG_9723-1024x768.jpg\" alt=\"\" class=\"wp-image-324\" width=\"642\" height=\"481\" srcset=\"https:\/\/www.archebleue.fr\/wp-content\/uploads\/2021\/02\/IMG_9723-1024x768.jpg 1024w, https:\/\/www.archebleue.fr\/wp-content\/uploads\/2021\/02\/IMG_9723-300x225.jpg 300w, https:\/\/www.archebleue.fr\/wp-content\/uploads\/2021\/02\/IMG_9723-768x576.jpg 768w, https:\/\/www.archebleue.fr\/wp-content\/uploads\/2021\/02\/IMG_9723-1536x1152.jpg 1536w, https:\/\/www.archebleue.fr\/wp-content\/uploads\/2021\/02\/IMG_9723.jpg 2016w\" sizes=\"(max-width: 642px) 100vw, 642px\" \/><\/figure>\n\n\n<div class=\"wp-block-image\">\n<figure class=\"aligncenter size-large\"><img loading=\"lazy\" decoding=\"async\" width=\"640\" height=\"480\" src=\"https:\/\/www.archebleue.fr\/wp-content\/uploads\/2020\/12\/IMG_8263.jpg\" alt=\"\" class=\"wp-image-137\" srcset=\"https:\/\/www.archebleue.fr\/wp-content\/uploads\/2020\/12\/IMG_8263.jpg 640w, https:\/\/www.archebleue.fr\/wp-content\/uploads\/2020\/12\/IMG_8263-300x225.jpg 300w\" sizes=\"(max-width: 640px) 100vw, 640px\" \/><\/figure><\/div>\n\n\n<p><\/p>\n\n\n\n<p><\/p>\n\n\n\n<p class=\"has-text-align-center\">Port\u00e9e 2019 P<\/p>\n\n\n<div class=\"wp-block-image\">\n<figure class=\"aligncenter size-large is-resized\"><img loading=\"lazy\" decoding=\"async\" src=\"https:\/\/www.archebleue.fr\/wp-content\/uploads\/2020\/12\/IMG_4622-1024x768.jpg\" alt=\"\" class=\"wp-image-111\" width=\"645\" height=\"483\" srcset=\"https:\/\/www.archebleue.fr\/wp-content\/uploads\/2020\/12\/IMG_4622-1024x768.jpg 1024w, https:\/\/www.archebleue.fr\/wp-content\/uploads\/2020\/12\/IMG_4622-300x225.jpg 300w, https:\/\/www.archebleue.fr\/wp-content\/uploads\/2020\/12\/IMG_4622-768x576.jpg 768w, https:\/\/www.archebleue.fr\/wp-content\/uploads\/2020\/12\/IMG_4622-1536x1152.jpg 1536w, https:\/\/www.archebleue.fr\/wp-content\/uploads\/2020\/12\/IMG_4622-2048x1536.jpg 2048w\" sizes=\"(max-width: 645px) 100vw, 645px\" \/><\/figure><\/div>\n\n\n<p><\/p>\n\n\n\n<p><\/p>\n\n\n\n<p class=\"has-text-align-center\">Port\u00e9e 2018 O<\/p>\n\n\n<div class=\"wp-block-image\">\n<figure class=\"aligncenter size-large\"><img loading=\"lazy\" decoding=\"async\" width=\"640\" height=\"480\" src=\"https:\/\/www.archebleue.fr\/wp-content\/uploads\/2020\/12\/IMG_9863.jpg\" alt=\"\" class=\"wp-image-113\" srcset=\"https:\/\/www.archebleue.fr\/wp-content\/uploads\/2020\/12\/IMG_9863.jpg 640w, https:\/\/www.archebleue.fr\/wp-content\/uploads\/2020\/12\/IMG_9863-300x225.jpg 300w\" sizes=\"(max-width: 640px) 100vw, 640px\" \/><\/figure><\/div>\n\n\n<p><\/p>\n\n\n\n<p><\/p>\n\n\n\n<p class=\"has-text-align-center\">Port\u00e9e 2016 M<\/p>\n\n\n<div class=\"wp-block-image\">\n<figure class=\"aligncenter size-large is-resized\"><img loading=\"lazy\" decoding=\"async\" src=\"https:\/\/www.archebleue.fr\/wp-content\/uploads\/2020\/12\/IMG_3358-1024x768.jpg\" alt=\"\" class=\"wp-image-114\" width=\"639\" height=\"479\" srcset=\"https:\/\/www.archebleue.fr\/wp-content\/uploads\/2020\/12\/IMG_3358-1024x768.jpg 1024w, https:\/\/www.archebleue.fr\/wp-content\/uploads\/2020\/12\/IMG_3358-300x225.jpg 300w, https:\/\/www.archebleue.fr\/wp-content\/uploads\/2020\/12\/IMG_3358-768x576.jpg 768w, https:\/\/www.archebleue.fr\/wp-content\/uploads\/2020\/12\/IMG_3358-1536x1152.jpg 1536w, https:\/\/www.archebleue.fr\/wp-content\/uploads\/2020\/12\/IMG_3358-2048x1536.jpg 2048w\" sizes=\"(max-width: 639px) 100vw, 639px\" \/><\/figure><\/div>\n\n\n<p><\/p>\n\n\n\n<p><\/p>\n\n\n\n<p class=\"has-text-align-center\">Port\u00e9e 2014 J<\/p>\n\n\n<div class=\"wp-block-image\">\n<figure class=\"aligncenter size-large is-resized\"><img loading=\"lazy\" decoding=\"async\" src=\"https:\/\/www.archebleue.fr\/wp-content\/uploads\/2020\/12\/PC095686-1024x768.jpg\" alt=\"\" class=\"wp-image-115\" width=\"636\" height=\"476\" srcset=\"https:\/\/www.archebleue.fr\/wp-content\/uploads\/2020\/12\/PC095686-1024x768.jpg 1024w, https:\/\/www.archebleue.fr\/wp-content\/uploads\/2020\/12\/PC095686-300x225.jpg 300w, https:\/\/www.archebleue.fr\/wp-content\/uploads\/2020\/12\/PC095686-768x576.jpg 768w, https:\/\/www.archebleue.fr\/wp-content\/uploads\/2020\/12\/PC095686-1536x1152.jpg 1536w, https:\/\/www.archebleue.fr\/wp-content\/uploads\/2020\/12\/PC095686-2048x1536.jpg 2048w\" sizes=\"(max-width: 636px) 100vw, 636px\" \/><\/figure><\/div>\n\n\n<p><\/p>\n\n\n\n<p><\/p>\n\n\n\n<p class=\"has-text-align-center\">Port\u00e9e 2012 H<\/p>\n\n\n<div class=\"wp-block-image\">\n<figure class=\"aligncenter size-large is-resized\"><img loading=\"lazy\" decoding=\"async\" src=\"https:\/\/www.archebleue.fr\/wp-content\/uploads\/2020\/12\/P6120005-2-1024x768.jpg\" alt=\"\" class=\"wp-image-116\" width=\"653\" height=\"489\" srcset=\"https:\/\/www.archebleue.fr\/wp-content\/uploads\/2020\/12\/P6120005-2-1024x768.jpg 1024w, https:\/\/www.archebleue.fr\/wp-content\/uploads\/2020\/12\/P6120005-2-300x225.jpg 300w, https:\/\/www.archebleue.fr\/wp-content\/uploads\/2020\/12\/P6120005-2-768x576.jpg 768w, https:\/\/www.archebleue.fr\/wp-content\/uploads\/2020\/12\/P6120005-2-1536x1152.jpg 1536w, https:\/\/www.archebleue.fr\/wp-content\/uploads\/2020\/12\/P6120005-2-2048x1536.jpg 2048w\" sizes=\"(max-width: 653px) 100vw, 653px\" \/><\/figure><\/div>\n\n\n<p><\/p>\n\n\n\n<p><\/p>\n\n\n\n<p class=\"has-text-align-center\">Port\u00e9e 2011 G<\/p>\n\n\n\n<figure class=\"wp-block-image size-large is-resized\"><img loading=\"lazy\" decoding=\"async\" src=\"https:\/\/www.archebleue.fr\/wp-content\/uploads\/2020\/12\/PA030010-1024x768.jpg\" alt=\"\" class=\"wp-image-117\" width=\"659\" height=\"494\" srcset=\"https:\/\/www.archebleue.fr\/wp-content\/uploads\/2020\/12\/PA030010-1024x768.jpg 1024w, https:\/\/www.archebleue.fr\/wp-content\/uploads\/2020\/12\/PA030010-300x225.jpg 300w, https:\/\/www.archebleue.fr\/wp-content\/uploads\/2020\/12\/PA030010-768x576.jpg 768w, https:\/\/www.archebleue.fr\/wp-content\/uploads\/2020\/12\/PA030010-1536x1152.jpg 1536w, https:\/\/www.archebleue.fr\/wp-content\/uploads\/2020\/12\/PA030010-2048x1536.jpg 2048w\" sizes=\"(max-width: 659px) 100vw, 659px\" \/><\/figure>\n\n\n\n<p><\/p>\n\n\n\n<p><\/p>\n\n\n\n<p class=\"has-text-align-center\">Port\u00e9e 2010 F<\/p>\n\n\n<div class=\"wp-block-image\">\n<figure class=\"aligncenter size-large\"><img loading=\"lazy\" decoding=\"async\" width=\"1024\" height=\"768\" src=\"https:\/\/www.archebleue.fr\/wp-content\/uploads\/2020\/12\/P4030058-1024x768.jpg\" alt=\"\" class=\"wp-image-135\" srcset=\"https:\/\/www.archebleue.fr\/wp-content\/uploads\/2020\/12\/P4030058-1024x768.jpg 1024w, https:\/\/www.archebleue.fr\/wp-content\/uploads\/2020\/12\/P4030058-300x225.jpg 300w, https:\/\/www.archebleue.fr\/wp-content\/uploads\/2020\/12\/P4030058-768x576.jpg 768w, https:\/\/www.archebleue.fr\/wp-content\/uploads\/2020\/12\/P4030058-1536x1152.jpg 1536w, https:\/\/www.archebleue.fr\/wp-content\/uploads\/2020\/12\/P4030058-2048x1536.jpg 2048w\" sizes=\"(max-width: 767px) 89vw, (max-width: 1000px) 54vw, (max-width: 1071px) 543px, 580px\" \/><\/figure><\/div>\n\n\n<p><\/p>\n\n\n\n<p><\/p>\n\n\n\n<p class=\"has-text-align-center\">Port\u00e9e 2009 E<\/p>\n\n\n\n<figure class=\"wp-block-image size-large\"><img loading=\"lazy\" decoding=\"async\" width=\"1024\" height=\"768\" src=\"https:\/\/www.archebleue.fr\/wp-content\/uploads\/2020\/12\/P6199205-1024x768.jpg\" alt=\"\" class=\"wp-image-118\" srcset=\"https:\/\/www.archebleue.fr\/wp-content\/uploads\/2020\/12\/P6199205-1024x768.jpg 1024w, https:\/\/www.archebleue.fr\/wp-content\/uploads\/2020\/12\/P6199205-300x225.jpg 300w, https:\/\/www.archebleue.fr\/wp-content\/uploads\/2020\/12\/P6199205-768x576.jpg 768w, https:\/\/www.archebleue.fr\/wp-content\/uploads\/2020\/12\/P6199205-1536x1152.jpg 1536w, https:\/\/www.archebleue.fr\/wp-content\/uploads\/2020\/12\/P6199205-2048x1536.jpg 2048w\" sizes=\"(max-width: 767px) 89vw, (max-width: 1000px) 54vw, (max-width: 1071px) 543px, 580px\" \/><\/figure>\n\n\n\n<p><\/p>\n\n\n\n<p><\/p>\n\n\n\n<p class=\"has-text-align-center\">Port\u00e9e 2008 D<\/p>\n\n\n\n<figure class=\"wp-block-image size-large\"><img loading=\"lazy\" decoding=\"async\" width=\"1024\" height=\"768\" src=\"https:\/\/www.archebleue.fr\/wp-content\/uploads\/2020\/12\/P3276986-1024x768.jpg\" alt=\"\" class=\"wp-image-119\" srcset=\"https:\/\/www.archebleue.fr\/wp-content\/uploads\/2020\/12\/P3276986-1024x768.jpg 1024w, https:\/\/www.archebleue.fr\/wp-content\/uploads\/2020\/12\/P3276986-300x225.jpg 300w, https:\/\/www.archebleue.fr\/wp-content\/uploads\/2020\/12\/P3276986-768x576.jpg 768w, https:\/\/www.archebleue.fr\/wp-content\/uploads\/2020\/12\/P3276986-1536x1152.jpg 1536w, https:\/\/www.archebleue.fr\/wp-content\/uploads\/2020\/12\/P3276986-2048x1536.jpg 2048w\" sizes=\"(max-width: 767px) 89vw, (max-width: 1000px) 54vw, (max-width: 1071px) 543px, 580px\" \/><\/figure>\n\n\n\n<p><\/p>\n\n\n\n<p><\/p>\n\n\n\n<p class=\"has-text-align-center\">Port\u00e9e 2007 C<\/p>\n\n\n\n<figure class=\"wp-block-image size-large\"><img loading=\"lazy\" decoding=\"async\" width=\"1024\" height=\"768\" src=\"https:\/\/www.archebleue.fr\/wp-content\/uploads\/2020\/12\/P9025450-1024x768.jpg\" alt=\"\" class=\"wp-image-120\" srcset=\"https:\/\/www.archebleue.fr\/wp-content\/uploads\/2020\/12\/P9025450-1024x768.jpg 1024w, https:\/\/www.archebleue.fr\/wp-content\/uploads\/2020\/12\/P9025450-300x225.jpg 300w, https:\/\/www.archebleue.fr\/wp-content\/uploads\/2020\/12\/P9025450-768x576.jpg 768w, https:\/\/www.archebleue.fr\/wp-content\/uploads\/2020\/12\/P9025450-1536x1152.jpg 1536w, https:\/\/www.archebleue.fr\/wp-content\/uploads\/2020\/12\/P9025450-2048x1536.jpg 2048w\" sizes=\"(max-width: 767px) 89vw, (max-width: 1000px) 54vw, (max-width: 1071px) 543px, 580px\" \/><\/figure>\n\n\n\n<p><\/p>\n\n\n\n<p><\/p>\n\n\n\n<p class=\"has-text-align-center\">Port\u00e9e 2006 B<\/p>\n\n\n\n<figure class=\"wp-block-image size-large\"><img loading=\"lazy\" decoding=\"async\" width=\"1024\" height=\"768\" src=\"https:\/\/www.archebleue.fr\/wp-content\/uploads\/2020\/12\/P8192733-1024x768.jpg\" alt=\"\" class=\"wp-image-122\" srcset=\"https:\/\/www.archebleue.fr\/wp-content\/uploads\/2020\/12\/P8192733-1024x768.jpg 1024w, https:\/\/www.archebleue.fr\/wp-content\/uploads\/2020\/12\/P8192733-300x225.jpg 300w, https:\/\/www.archebleue.fr\/wp-content\/uploads\/2020\/12\/P8192733-768x576.jpg 768w, https:\/\/www.archebleue.fr\/wp-content\/uploads\/2020\/12\/P8192733-1536x1152.jpg 1536w, https:\/\/www.archebleue.fr\/wp-content\/uploads\/2020\/12\/P8192733-2048x1536.jpg 2048w\" sizes=\"(max-width: 767px) 89vw, (max-width: 1000px) 54vw, (max-width: 1071px) 543px, 580px\" \/><\/figure>\n\n\n\n<p><\/p>\n\n\n\n<p><\/p>\n\n\n\n<p class=\"has-text-align-center\">Port\u00e9e 2003 U<\/p>\n\n\n\n<figure class=\"wp-block-image size-large\"><img loading=\"lazy\" decoding=\"async\" width=\"1024\" height=\"768\" src=\"https:\/\/www.archebleue.fr\/wp-content\/uploads\/2020\/12\/P5100045-1024x768.jpg\" alt=\"\" class=\"wp-image-121\" srcset=\"https:\/\/www.archebleue.fr\/wp-content\/uploads\/2020\/12\/P5100045-1024x768.jpg 1024w, https:\/\/www.archebleue.fr\/wp-content\/uploads\/2020\/12\/P5100045-300x225.jpg 300w, https:\/\/www.archebleue.fr\/wp-content\/uploads\/2020\/12\/P5100045-768x576.jpg 768w, https:\/\/www.archebleue.fr\/wp-content\/uploads\/2020\/12\/P5100045.jpg 1280w\" sizes=\"(max-width: 767px) 89vw, (max-width: 1000px) 54vw, (max-width: 1071px) 543px, 580px\" \/><\/figure>\n\n\n\n<p><\/p>\n","protected":false},"excerpt":{"rendered":"<p>Nous produisons tr\u00e8s peu de port\u00e9es. \u200bNos chatons sont visibles \u200bd\u00e8s leurs premiers jours selon&nbsp;des r\u00e8gles&nbsp;sanitaires strictes. Port\u00e9e 2023 U Port\u00e9es 2022 T Port\u00e9e 2021 S Port\u00e9es 2020 R Port\u00e9e 2019 P Port\u00e9e 2018 O Port\u00e9e 2016 M Port\u00e9e 2014 J Port\u00e9e 2012 H Port\u00e9e 2011 G Port\u00e9e 2010 F Port\u00e9e 2009 E Port\u00e9e 2008 &hellip; <\/p>\n<p class=\"link-more\"><a href=\"https:\/\/www.archebleue.fr\/?page_id=2\" class=\"more-link\">Continuer la lecture<span class=\"screen-reader-text\"> de &laquo;&nbsp;Chatons&nbsp;&raquo;<\/span><\/a><\/p>\n","protected":false},"author":1,"featured_media":0,"parent":0,"menu_order":0,"comment_status":"closed","ping_status":"open","template":"","meta":{"footnotes":""},"_links":{"self":[{"href":"https:\/\/www.archebleue.fr\/index.php?rest_route=\/wp\/v2\/pages\/2"}],"collection":[{"href":"https:\/\/www.archebleue.fr\/index.php?rest_route=\/wp\/v2\/pages"}],"about":[{"href":"https:\/\/www.archebleue.fr\/index.php?rest_route=\/wp\/v2\/types\/page"}],"author":[{"embeddable":true,"href":"https:\/\/www.archebleue.fr\/index.php?rest_route=\/wp\/v2\/users\/1"}],"replies":[{"embeddable":true,"href":"https:\/\/www.archebleue.fr\/index.php?rest_route=%2Fwp%2Fv2%2Fcomments&post=2"}],"version-history":[{"count":20,"href":"https:\/\/www.archebleue.fr\/index.php?rest_route=\/wp\/v2\/pages\/2\/revisions"}],"predecessor-version":[{"id":409,"href":"https:\/\/www.archebleue.fr\/index.php?rest_route=\/wp\/v2\/pages\/2\/revisions\/409"}],"wp:attachment":[{"href":"https:\/\/www.archebleue.fr\/index.php?rest_route=%2Fwp%2Fv2%2Fmedia&parent=2"}],"curies":[{"name":"wp","href":"https:\/\/api.w.org\/{rel}","templated":true}]}}